{"id":736,"date":"2023-05-20T10:10:04","date_gmt":"2023-05-20T09:10:04","guid":{"rendered":"https:\/\/mvaal.com\/?page_id=736"},"modified":"2026-04-01T12:21:28","modified_gmt":"2026-04-01T11:21:28","slug":"fee-arrangements","status":"publish","type":"page","link":"https:\/\/mvaal.com\/fr\/fee-arrangements\/","title":{"rendered":"Honoraires"},"content":{"rendered":"<div data-elementor-type=\"wp-page\" data-elementor-id=\"736\" class=\"elementor elementor-736\" data-elementor-post-type=\"page\">\n\t\t\t\t\t\t<section class=\"elementor-section elementor-top-section elementor-element elementor-element-7f4d1f3 elementor-section-height-min-height elementor-section-items-stretch elementor-section-content-middle elementor-section-boxed elementor-section-height-default\" data-id=\"7f4d1f3\" data-element_type=\"section\" data-e-type=\"section\" data-settings=\"{&quot;background_background&quot;:&quot;classic&quot;}\">\n\t\t\t\t\t\t<div class=\"elementor-container elementor-column-gap-no\">\n\t\t\t\t\t<div class=\"elementor-column elementor-col-100 elementor-top-column elementor-element elementor-element-689e5fd\" data-id=\"689e5fd\" data-element_type=\"column\" data-e-type=\"column\">\n\t\t\t<div class=\"elementor-widget-wrap elementor-element-populated\">\n\t\t\t\t\t\t<div class=\"elementor-element elementor-element-64de4ce elementor-invisible elementor-widget elementor-widget-heading\" data-id=\"64de4ce\" data-element_type=\"widget\" data-e-type=\"widget\" data-settings=\"{&quot;_animation&quot;:&quot;fadeIn&quot;}\" data-widget_type=\"heading.default\">\n\t\t\t\t<div class=\"elementor-widget-container\">\n\t\t\t\t\t<h1 class=\"elementor-heading-title elementor-size-default\">Les modalit\u00e9s d\u2019honoraires<\/h1>\t\t\t\t<\/div>\n\t\t\t\t<\/div>\n\t\t\t\t\t<\/div>\n\t\t<\/div>\n\t\t\t\t\t<\/div>\n\t\t<\/section>\n\t\t\t\t<section class=\"elementor-section elementor-top-section elementor-element elementor-element-7f88d22 elementor-section-boxed elementor-section-height-default elementor-section-height-default\" data-id=\"7f88d22\" data-element_type=\"section\" data-e-type=\"section\">\n\t\t\t\t\t\t<div class=\"elementor-container elementor-column-gap-default\">\n\t\t\t\t\t<div class=\"elementor-column elementor-col-100 elementor-top-column elementor-element elementor-element-67a69cb\" data-id=\"67a69cb\" data-element_type=\"column\" data-e-type=\"column\">\n\t\t\t<div class=\"elementor-widget-wrap elementor-element-populated\">\n\t\t\t\t\t\t<div class=\"elementor-element elementor-element-a1e7f0d elementor-widget elementor-widget-text-editor\" data-id=\"a1e7f0d\" data-element_type=\"widget\" data-e-type=\"widget\" data-widget_type=\"text-editor.default\">\n\t\t\t\t<div class=\"elementor-widget-container\">\n\t\t\t\t\t\t\t\t\t<p>MVAAL fixe le montant de ses honoraires au cas par cas, en fonction de la situation personnelle du client, de la nature et de la complexit\u00e9 de l'affaire et de l'importance des diligences \u00e0 r\u00e9aliser dans le dossier. Nous nous attachons \u00e0 proposer au client la solution la plus adapt\u00e9e et la plus avantageuse.<\/p><p>D\u00e8s le premier rendez-vous, notre \u00e9quipe fixe les modalit\u00e9s de facturation de nos honoraires en accord avec le client avec le maximum de transparence et de souplesse.<\/p><p>Le Cabinet propose 3 modes de facturation adapt\u00e9s \u00e0 chaque situation et \u00e0 chaque dossier :<\/p>\t\t\t\t\t\t\t\t<\/div>\n\t\t\t\t<\/div>\n\t\t\t\t<div class=\"elementor-element elementor-element-b8556f1 elementor-icon-list--layout-traditional elementor-list-item-link-full_width elementor-invisible elementor-widget elementor-widget-icon-list\" data-id=\"b8556f1\" data-element_type=\"widget\" data-e-type=\"widget\" data-settings=\"{&quot;_animation&quot;:&quot;fadeIn&quot;,&quot;_animation_delay&quot;:400}\" data-widget_type=\"icon-list.default\">\n\t\t\t\t<div class=\"elementor-widget-container\">\n\t\t\t\t\t\t\t<ul class=\"elementor-icon-list-items\">\n\t\t\t\t\t\t\t<li class=\"elementor-icon-list-item\">\n\t\t\t\t\t\t\t\t\t\t\t<span class=\"elementor-icon-list-icon\">\n\t\t\t\t\t\t\t<i aria-hidden=\"true\" class=\"fas fa-chevron-right\"><\/i>\t\t\t\t\t\t<\/span>\n\t\t\t\t\t\t\t\t\t\t<span class=\"elementor-icon-list-text\">honoraires au temps pass\u00e9<\/span>\n\t\t\t\t\t\t\t\t\t<\/li>\n\t\t\t\t\t\t\t\t<li class=\"elementor-icon-list-item\">\n\t\t\t\t\t\t\t\t\t\t\t<span class=\"elementor-icon-list-icon\">\n\t\t\t\t\t\t\t<i aria-hidden=\"true\" class=\"fas fa-chevron-right\"><\/i>\t\t\t\t\t\t<\/span>\n\t\t\t\t\t\t\t\t\t\t<span class=\"elementor-icon-list-text\">honoraires au forfait<\/span>\n\t\t\t\t\t\t\t\t\t<\/li>\n\t\t\t\t\t\t\t\t<li class=\"elementor-icon-list-item\">\n\t\t\t\t\t\t\t\t\t\t\t<span class=\"elementor-icon-list-icon\">\n\t\t\t\t\t\t\t<i aria-hidden=\"true\" class=\"fas fa-chevron-right\"><\/i>\t\t\t\t\t\t<\/span>\n\t\t\t\t\t\t\t\t\t\t<span class=\"elementor-icon-list-text\">honoraires au r\u00e9sultat<\/span>\n\t\t\t\t\t\t\t\t\t<\/li>\n\t\t\t\t\t\t<\/ul>\n\t\t\t\t\t\t<\/div>\n\t\t\t\t<\/div>\n\t\t\t\t<div class=\"elementor-element elementor-element-11c947d elementor-widget elementor-widget-text-editor\" data-id=\"11c947d\" data-element_type=\"widget\" data-e-type=\"widget\" data-widget_type=\"text-editor.default\">\n\t\t\t\t<div class=\"elementor-widget-container\">\n\t\t\t\t\t\t\t\t\t<h3>Le premier rendez-vous<\/h3>\n<p class=\"translation-block\">Notre \u00e9quipe vous re\u00e7oit \u00e0 son cabinet ou en vid\u00e9o conf\u00e9rence pour une consultation lors de laquelle vous lui exposerez votre situation et lui poserez toutes vos questions. Nous attachons une importance particuli\u00e8re \u00e0 l'<strong>\u00e9coute<\/strong> et \u00e0 l'instauration d'un <strong>lien de confiance<\/strong> indispensable pour travailler ensemble.<\/p>\n<p>Vous pouvez nous apporter tous les documents que vous jugez utiles \u00e0 la compr\u00e9hension de votre affaire pour que nous puissions vous conseiller au mieux.<\/p>\n<p>Cette consultation est factur\u00e9e <b>185,00 euros exclusive VAT<\/b>.&nbsp;<\/p>\t\t\t\t\t\t\t\t<\/div>\n\t\t\t\t<\/div>\n\t\t\t\t\t<\/div>\n\t\t<\/div>\n\t\t\t\t\t<\/div>\n\t\t<\/section>\n\t\t\t\t<\/div>","protected":false},"excerpt":{"rendered":"<p>Fee arrangements MVAAL sets its fees on a case-by-case basis, depending on the personal situation of the client, the nature and complexity of the case and the importance of the work to be carried out in the case. We strive to offer the client the most suitable and advantageous solution. From the very first meeting, [&hellip;]<\/p>\n","protected":false},"author":2,"featured_media":816,"parent":0,"menu_order":0,"comment_status":"closed","ping_status":"closed","template":"elementor_header_footer","meta":{"footnotes":""},"class_list":["post-736","page","type-page","status-publish","has-post-thumbnail","hentry"],"yoast_head":"<!-- This site is optimized with the Yoast SEO plugin v27.3 - https:\/\/yoast.com\/product\/yoast-seo-wordpress\/ -->\n<title>Fees - MVAAL - a boutique law firm<\/title>\n<meta name=\"robots\" content=\"index, follow, max-snippet:-1, max-image-preview:large, max-video-preview:-1\" \/>\n<link rel=\"canonical\" href=\"https:\/\/mvaal.com\/fr\/fee-arrangements\/\" \/>\n<meta property=\"og:locale\" content=\"fr_FR\" \/>\n<meta property=\"og:type\" content=\"article\" \/>\n<meta property=\"og:title\" content=\"Fees - MVAAL - a boutique law firm\" \/>\n<meta property=\"og:description\" content=\"Fee arrangements MVAAL sets its fees on a case-by-case basis, depending on the personal situation of the client, the nature and complexity of the case and the importance of the work to be carried out in the case. We strive to offer the client the most suitable and advantageous solution. From the very first meeting, [&hellip;]\" \/>\n<meta property=\"og:url\" content=\"https:\/\/mvaal.com\/fr\/fee-arrangements\/\" \/>\n<meta property=\"og:site_name\" content=\"MVAAL - a boutique law firm\" \/>\n<meta property=\"article:modified_time\" content=\"2026-04-01T11:21:28+00:00\" \/>\n<meta property=\"og:image\" content=\"https:\/\/mvaal.com\/wp-content\/uploads\/2023\/06\/Hero-homepage.jpg\" \/>\n\t<meta property=\"og:image:width\" content=\"1200\" \/>\n\t<meta property=\"og:image:height\" content=\"800\" \/>\n\t<meta property=\"og:image:type\" content=\"image\/jpeg\" \/>\n<meta name=\"twitter:card\" content=\"summary_large_image\" \/>\n<meta name=\"twitter:label1\" content=\"Dur\u00e9e de lecture estim\u00e9e\" \/>\n\t<meta name=\"twitter:data1\" content=\"1 minute\" \/>\n<script type=\"application\/ld+json\" class=\"yoast-schema-graph\">{\"@context\":\"https:\\\/\\\/schema.org\",\"@graph\":[{\"@type\":\"WebPage\",\"@id\":\"https:\\\/\\\/mvaal.com\\\/fee-arrangements\\\/\",\"url\":\"https:\\\/\\\/mvaal.com\\\/fee-arrangements\\\/\",\"name\":\"Fees - MVAAL - a boutique law firm\",\"isPartOf\":{\"@id\":\"https:\\\/\\\/mvaal.com\\\/#website\"},\"primaryImageOfPage\":{\"@id\":\"https:\\\/\\\/mvaal.com\\\/fee-arrangements\\\/#primaryimage\"},\"image\":{\"@id\":\"https:\\\/\\\/mvaal.com\\\/fee-arrangements\\\/#primaryimage\"},\"thumbnailUrl\":\"https:\\\/\\\/mvaal.com\\\/wp-content\\\/uploads\\\/2023\\\/06\\\/Hero-homepage.jpg\",\"datePublished\":\"2023-05-20T09:10:04+00:00\",\"dateModified\":\"2026-04-01T11:21:28+00:00\",\"breadcrumb\":{\"@id\":\"https:\\\/\\\/mvaal.com\\\/fee-arrangements\\\/#breadcrumb\"},\"inLanguage\":\"fr-FR\",\"potentialAction\":[{\"@type\":\"ReadAction\",\"target\":[\"https:\\\/\\\/mvaal.com\\\/fee-arrangements\\\/\"]}]},{\"@type\":\"ImageObject\",\"inLanguage\":\"fr-FR\",\"@id\":\"https:\\\/\\\/mvaal.com\\\/fee-arrangements\\\/#primaryimage\",\"url\":\"https:\\\/\\\/mvaal.com\\\/wp-content\\\/uploads\\\/2023\\\/06\\\/Hero-homepage.jpg\",\"contentUrl\":\"https:\\\/\\\/mvaal.com\\\/wp-content\\\/uploads\\\/2023\\\/06\\\/Hero-homepage.jpg\",\"width\":1200,\"height\":800,\"caption\":\"A view of The Hague center\"},{\"@type\":\"BreadcrumbList\",\"@id\":\"https:\\\/\\\/mvaal.com\\\/fee-arrangements\\\/#breadcrumb\",\"itemListElement\":[{\"@type\":\"ListItem\",\"position\":1,\"name\":\"Home\",\"item\":\"https:\\\/\\\/mvaal.com\\\/\"},{\"@type\":\"ListItem\",\"position\":2,\"name\":\"Fees\"}]},{\"@type\":\"WebSite\",\"@id\":\"https:\\\/\\\/mvaal.com\\\/#website\",\"url\":\"https:\\\/\\\/mvaal.com\\\/\",\"name\":\"MVAAL - a boutique law firm\",\"description\":\"A boutique law firm dedicated to public international law\",\"publisher\":{\"@id\":\"https:\\\/\\\/mvaal.com\\\/#organization\"},\"alternateName\":\"MVAAL - Marine Veissiere Attorney at Law\",\"potentialAction\":[{\"@type\":\"SearchAction\",\"target\":{\"@type\":\"EntryPoint\",\"urlTemplate\":\"https:\\\/\\\/mvaal.com\\\/?s={search_term_string}\"},\"query-input\":{\"@type\":\"PropertyValueSpecification\",\"valueRequired\":true,\"valueName\":\"search_term_string\"}}],\"inLanguage\":\"fr-FR\"},{\"@type\":\"Organization\",\"@id\":\"https:\\\/\\\/mvaal.com\\\/#organization\",\"name\":\"MVAAL\",\"alternateName\":\"MVAAL - Marine Veissiere Attorney at Law\",\"url\":\"https:\\\/\\\/mvaal.com\\\/\",\"logo\":{\"@type\":\"ImageObject\",\"inLanguage\":\"fr-FR\",\"@id\":\"https:\\\/\\\/mvaal.com\\\/#\\\/schema\\\/logo\\\/image\\\/\",\"url\":\"https:\\\/\\\/mvaal.com\\\/wp-content\\\/uploads\\\/2024\\\/08\\\/NEW-LOGO-Aug-2024-Cabinet-davocats-logo-large.png\",\"contentUrl\":\"https:\\\/\\\/mvaal.com\\\/wp-content\\\/uploads\\\/2024\\\/08\\\/NEW-LOGO-Aug-2024-Cabinet-davocats-logo-large.png\",\"width\":1200,\"height\":1006,\"caption\":\"MVAAL\"},\"image\":{\"@id\":\"https:\\\/\\\/mvaal.com\\\/#\\\/schema\\\/logo\\\/image\\\/\"},\"sameAs\":[\"https:\\\/\\\/www.linkedin.com\\\/company\\\/marine-veissiere-attorney-at-law\\\/\"]}]}<\/script>\n<!-- \/ Yoast SEO plugin. -->","yoast_head_json":{"title":"Fees - MVAAL - a boutique law firm","robots":{"index":"index","follow":"follow","max-snippet":"max-snippet:-1","max-image-preview":"max-image-preview:large","max-video-preview":"max-video-preview:-1"},"canonical":"https:\/\/mvaal.com\/fr\/fee-arrangements\/","og_locale":"fr_FR","og_type":"article","og_title":"Fees - MVAAL - a boutique law firm","og_description":"Fee arrangements MVAAL sets its fees on a case-by-case basis, depending on the personal situation of the client, the nature and complexity of the case and the importance of the work to be carried out in the case. We strive to offer the client the most suitable and advantageous solution. From the very first meeting, [&hellip;]","og_url":"https:\/\/mvaal.com\/fr\/fee-arrangements\/","og_site_name":"MVAAL - a boutique law firm","article_modified_time":"2026-04-01T11:21:28+00:00","og_image":[{"width":1200,"height":800,"url":"https:\/\/mvaal.com\/wp-content\/uploads\/2023\/06\/Hero-homepage.jpg","type":"image\/jpeg"}],"twitter_card":"summary_large_image","twitter_misc":{"Dur\u00e9e de lecture estim\u00e9e":"1 minute"},"schema":{"@context":"https:\/\/schema.org","@graph":[{"@type":"WebPage","@id":"https:\/\/mvaal.com\/fee-arrangements\/","url":"https:\/\/mvaal.com\/fee-arrangements\/","name":"Fees - MVAAL - a boutique law firm","isPartOf":{"@id":"https:\/\/mvaal.com\/#website"},"primaryImageOfPage":{"@id":"https:\/\/mvaal.com\/fee-arrangements\/#primaryimage"},"image":{"@id":"https:\/\/mvaal.com\/fee-arrangements\/#primaryimage"},"thumbnailUrl":"https:\/\/mvaal.com\/wp-content\/uploads\/2023\/06\/Hero-homepage.jpg","datePublished":"2023-05-20T09:10:04+00:00","dateModified":"2026-04-01T11:21:28+00:00","breadcrumb":{"@id":"https:\/\/mvaal.com\/fee-arrangements\/#breadcrumb"},"inLanguage":"fr-FR","potentialAction":[{"@type":"ReadAction","target":["https:\/\/mvaal.com\/fee-arrangements\/"]}]},{"@type":"ImageObject","inLanguage":"fr-FR","@id":"https:\/\/mvaal.com\/fee-arrangements\/#primaryimage","url":"https:\/\/mvaal.com\/wp-content\/uploads\/2023\/06\/Hero-homepage.jpg","contentUrl":"https:\/\/mvaal.com\/wp-content\/uploads\/2023\/06\/Hero-homepage.jpg","width":1200,"height":800,"caption":"A view of The Hague center"},{"@type":"BreadcrumbList","@id":"https:\/\/mvaal.com\/fee-arrangements\/#breadcrumb","itemListElement":[{"@type":"ListItem","position":1,"name":"Home","item":"https:\/\/mvaal.com\/"},{"@type":"ListItem","position":2,"name":"Fees"}]},{"@type":"WebSite","@id":"https:\/\/mvaal.com\/#website","url":"https:\/\/mvaal.com\/","name":"MVAAL - a boutique law firm","description":"A boutique law firm dedicated to public international law","publisher":{"@id":"https:\/\/mvaal.com\/#organization"},"alternateName":"MVAAL - Marine Veissiere Attorney at Law","potentialAction":[{"@type":"SearchAction","target":{"@type":"EntryPoint","urlTemplate":"https:\/\/mvaal.com\/?s={search_term_string}"},"query-input":{"@type":"PropertyValueSpecification","valueRequired":true,"valueName":"search_term_string"}}],"inLanguage":"fr-FR"},{"@type":"Organization","@id":"https:\/\/mvaal.com\/#organization","name":"MVAAL","alternateName":"MVAAL - Marine Veissiere Attorney at Law","url":"https:\/\/mvaal.com\/","logo":{"@type":"ImageObject","inLanguage":"fr-FR","@id":"https:\/\/mvaal.com\/#\/schema\/logo\/image\/","url":"https:\/\/mvaal.com\/wp-content\/uploads\/2024\/08\/NEW-LOGO-Aug-2024-Cabinet-davocats-logo-large.png","contentUrl":"https:\/\/mvaal.com\/wp-content\/uploads\/2024\/08\/NEW-LOGO-Aug-2024-Cabinet-davocats-logo-large.png","width":1200,"height":1006,"caption":"MVAAL"},"image":{"@id":"https:\/\/mvaal.com\/#\/schema\/logo\/image\/"},"sameAs":["https:\/\/www.linkedin.com\/company\/marine-veissiere-attorney-at-law\/"]}]}},"_links":{"self":[{"href":"https:\/\/mvaal.com\/fr\/wp-json\/wp\/v2\/pages\/736","targetHints":{"allow":["GET"]}}],"collection":[{"href":"https:\/\/mvaal.com\/fr\/wp-json\/wp\/v2\/pages"}],"about":[{"href":"https:\/\/mvaal.com\/fr\/wp-json\/wp\/v2\/types\/page"}],"author":[{"embeddable":true,"href":"https:\/\/mvaal.com\/fr\/wp-json\/wp\/v2\/users\/2"}],"replies":[{"embeddable":true,"href":"https:\/\/mvaal.com\/fr\/wp-json\/wp\/v2\/comments?post=736"}],"version-history":[{"count":8,"href":"https:\/\/mvaal.com\/fr\/wp-json\/wp\/v2\/pages\/736\/revisions"}],"predecessor-version":[{"id":1020,"href":"https:\/\/mvaal.com\/fr\/wp-json\/wp\/v2\/pages\/736\/revisions\/1020"}],"wp:featuredmedia":[{"embeddable":true,"href":"https:\/\/mvaal.com\/fr\/wp-json\/wp\/v2\/media\/816"}],"wp:attachment":[{"href":"https:\/\/mvaal.com\/fr\/wp-json\/wp\/v2\/media?parent=736"}],"curies":[{"name":"wp","href":"https:\/\/api.w.org\/{rel}","templated":true}]}}