{"id":3,"date":"2022-04-29T15:40:08","date_gmt":"2022-04-29T14:40:08","guid":{"rendered":"https:\/\/mvaal.com\/?page_id=3"},"modified":"2023-04-28T21:32:30","modified_gmt":"2023-04-28T20:32:30","slug":"data-privacy","status":"publish","type":"page","link":"https:\/\/mvaal.com\/fr\/data-privacy\/","title":{"rendered":"Donn\u00e9es personnelles"},"content":{"rendered":"<div data-elementor-type=\"wp-page\" data-elementor-id=\"3\" class=\"elementor elementor-3\" data-elementor-post-type=\"page\">\n\t\t\t\t\t\t<section class=\"elementor-section elementor-top-section elementor-element elementor-element-5d85c5b elementor-section-height-min-height elementor-section-items-stretch elementor-section-content-middle elementor-section-boxed elementor-section-height-default\" data-id=\"5d85c5b\" data-element_type=\"section\" data-e-type=\"section\" data-settings=\"{&quot;background_background&quot;:&quot;classic&quot;}\">\n\t\t\t\t\t\t<div class=\"elementor-container elementor-column-gap-no\">\n\t\t\t\t\t<div class=\"elementor-column elementor-col-100 elementor-top-column elementor-element elementor-element-4d6873a0\" data-id=\"4d6873a0\" data-element_type=\"column\" data-e-type=\"column\">\n\t\t\t<div class=\"elementor-widget-wrap elementor-element-populated\">\n\t\t\t\t\t\t<div class=\"elementor-element elementor-element-72b77686 elementor-invisible elementor-widget elementor-widget-heading\" data-id=\"72b77686\" data-element_type=\"widget\" data-e-type=\"widget\" data-settings=\"{&quot;_animation&quot;:&quot;fadeIn&quot;}\" data-widget_type=\"heading.default\">\n\t\t\t\t<div class=\"elementor-widget-container\">\n\t\t\t\t\t<h1 class=\"elementor-heading-title elementor-size-default\">Donn\u00e9es personnelles<\/h1>\t\t\t\t<\/div>\n\t\t\t\t<\/div>\n\t\t\t\t\t<\/div>\n\t\t<\/div>\n\t\t\t\t\t<\/div>\n\t\t<\/section>\n\t\t\t\t<section class=\"elementor-section elementor-top-section elementor-element elementor-element-5519ac12 elementor-section-boxed elementor-section-height-default elementor-section-height-default\" data-id=\"5519ac12\" data-element_type=\"section\" data-e-type=\"section\">\n\t\t\t\t\t\t<div class=\"elementor-container elementor-column-gap-default\">\n\t\t\t\t\t<div class=\"elementor-column elementor-col-100 elementor-top-column elementor-element elementor-element-74a5ac8f\" data-id=\"74a5ac8f\" data-element_type=\"column\" data-e-type=\"column\">\n\t\t\t<div class=\"elementor-widget-wrap elementor-element-populated\">\n\t\t\t\t\t\t<div class=\"elementor-element elementor-element-2111b822 elementor-widget elementor-widget-text-editor\" data-id=\"2111b822\" data-element_type=\"widget\" data-e-type=\"widget\" data-widget_type=\"text-editor.default\">\n\t\t\t\t<div class=\"elementor-widget-container\">\n\t\t\t\t\t\t\t\t\t<h2>Donn\u00e9es personnelles<\/h2>\n<ul>\n<li>MVAAL utilise vos donn\u00e9es personnelles pour vous offrir des conseils juridiques et tous les services connexes (y compris les actualit\u00e9s de MVAAL, lorsque vous en avez fait la demande) et pour la gestion de son activit\u00e9.\u00a0<\/li>\n<li>MVAAL peut ajouter vos donn\u00e9es personnelles \u00e0 sa base de donn\u00e9es de contacts g\u00e9r\u00e9e et utilis\u00e9e par MVAAL.\u00a0<\/li>\n<li>MVAAL est soumis au r\u00e8glement g\u00e9n\u00e9ral europ\u00e9en sur la protection des donn\u00e9es 2016\/679 (RGPD) et aux r\u00e8gles de confidentialit\u00e9 applicables aux avocats.\u00a0<\/li>\n<li>MVAAL supprime vos donn\u00e9es personnelles lorsqu'il n'en a plus l\u2019utilit\u00e9 aux fins de traitement de votre dossier ou d\u2019archivage.\u00a0<\/li>\n<li>MVAAL prend les mesures n\u00e9cessaires pour prot\u00e9ger vos donn\u00e9es personnelles lorsqu'elle les transf\u00e8re en dehors de l'Union europ\u00e9enne.\u00a0<\/li>\n<li>Vous disposez d'un certain nombre de droits en relation avec vos donn\u00e9es \u00e0 caract\u00e8re personnel, notamment le droit d'acc\u00e8s, de rectification et d'opposition.\u00a0<\/li>\n<li>Nous sommes heureux de r\u00e9pondre \u00e0 vos questions sur la protection de la vie priv\u00e9e et des donn\u00e9es personnelles. Vous pouvez nous contacter via notre page de contact <a href=\"https:\/\/mvaal.com\/fr\/contact-us\/\">contact page<\/a><\/li>\n<\/ul>\t\t\t\t\t\t\t\t<\/div>\n\t\t\t\t<\/div>\n\t\t\t\t\t<\/div>\n\t\t<\/div>\n\t\t\t\t\t<\/div>\n\t\t<\/section>\n\t\t\t\t<\/div>","protected":false},"excerpt":{"rendered":"<p>Privacy Policy Data Privacy MVAAL uses your personal data to provide legal advice and related services (including MVAAL news communications, where you have requested them) and manage its business.\u00a0 MVAAL may add your personal data to its contact database managed and used by MVAAL only.\u00a0 MVAAL is submitted to the European General Data Protection Regulation [&hellip;]<\/p>\n","protected":false},"author":2,"featured_media":0,"parent":0,"menu_order":0,"comment_status":"closed","ping_status":"closed","template":"elementor_header_footer","meta":{"footnotes":""},"class_list":["post-3","page","type-page","status-publish","hentry"],"yoast_head":"<!-- This site is optimized with the Yoast SEO plugin v27.3 - https:\/\/yoast.com\/product\/yoast-seo-wordpress\/ -->\n<title>Data Privacy - MVAAL - a boutique law firm<\/title>\n<meta name=\"robots\" content=\"index, follow, max-snippet:-1, max-image-preview:large, max-video-preview:-1\" \/>\n<link rel=\"canonical\" href=\"https:\/\/mvaal.com\/fr\/data-privacy\/\" \/>\n<meta property=\"og:locale\" content=\"fr_FR\" \/>\n<meta property=\"og:type\" content=\"article\" \/>\n<meta property=\"og:title\" content=\"Data Privacy - MVAAL - a boutique law firm\" \/>\n<meta property=\"og:description\" content=\"Privacy Policy Data Privacy MVAAL uses your personal data to provide legal advice and related services (including MVAAL news communications, where you have requested them) and manage its business.\u00a0 MVAAL may add your personal data to its contact database managed and used by MVAAL only.\u00a0 MVAAL is submitted to the European General Data Protection Regulation [&hellip;]\" \/>\n<meta property=\"og:url\" content=\"https:\/\/mvaal.com\/fr\/data-privacy\/\" \/>\n<meta property=\"og:site_name\" content=\"MVAAL - a boutique law firm\" \/>\n<meta property=\"article:modified_time\" content=\"2023-04-28T20:32:30+00:00\" \/>\n<meta name=\"twitter:card\" content=\"summary_large_image\" \/>\n<meta name=\"twitter:label1\" content=\"Dur\u00e9e de lecture estim\u00e9e\" \/>\n\t<meta name=\"twitter:data1\" content=\"1 minute\" \/>\n<script type=\"application\/ld+json\" class=\"yoast-schema-graph\">{\"@context\":\"https:\\\/\\\/schema.org\",\"@graph\":[{\"@type\":\"WebPage\",\"@id\":\"https:\\\/\\\/mvaal.com\\\/data-privacy\\\/\",\"url\":\"https:\\\/\\\/mvaal.com\\\/data-privacy\\\/\",\"name\":\"Data Privacy - MVAAL - a boutique law firm\",\"isPartOf\":{\"@id\":\"https:\\\/\\\/mvaal.com\\\/#website\"},\"datePublished\":\"2022-04-29T14:40:08+00:00\",\"dateModified\":\"2023-04-28T20:32:30+00:00\",\"breadcrumb\":{\"@id\":\"https:\\\/\\\/mvaal.com\\\/data-privacy\\\/#breadcrumb\"},\"inLanguage\":\"fr-FR\",\"potentialAction\":[{\"@type\":\"ReadAction\",\"target\":[\"https:\\\/\\\/mvaal.com\\\/data-privacy\\\/\"]}]},{\"@type\":\"BreadcrumbList\",\"@id\":\"https:\\\/\\\/mvaal.com\\\/data-privacy\\\/#breadcrumb\",\"itemListElement\":[{\"@type\":\"ListItem\",\"position\":1,\"name\":\"Home\",\"item\":\"https:\\\/\\\/mvaal.com\\\/\"},{\"@type\":\"ListItem\",\"position\":2,\"name\":\"Data Privacy\"}]},{\"@type\":\"WebSite\",\"@id\":\"https:\\\/\\\/mvaal.com\\\/#website\",\"url\":\"https:\\\/\\\/mvaal.com\\\/\",\"name\":\"MVAAL - a boutique law firm\",\"description\":\"A boutique law firm dedicated to public international law\",\"publisher\":{\"@id\":\"https:\\\/\\\/mvaal.com\\\/#organization\"},\"alternateName\":\"MVAAL - Marine Veissiere Attorney at Law\",\"potentialAction\":[{\"@type\":\"SearchAction\",\"target\":{\"@type\":\"EntryPoint\",\"urlTemplate\":\"https:\\\/\\\/mvaal.com\\\/?s={search_term_string}\"},\"query-input\":{\"@type\":\"PropertyValueSpecification\",\"valueRequired\":true,\"valueName\":\"search_term_string\"}}],\"inLanguage\":\"fr-FR\"},{\"@type\":\"Organization\",\"@id\":\"https:\\\/\\\/mvaal.com\\\/#organization\",\"name\":\"MVAAL\",\"alternateName\":\"MVAAL - Marine Veissiere Attorney at Law\",\"url\":\"https:\\\/\\\/mvaal.com\\\/\",\"logo\":{\"@type\":\"ImageObject\",\"inLanguage\":\"fr-FR\",\"@id\":\"https:\\\/\\\/mvaal.com\\\/#\\\/schema\\\/logo\\\/image\\\/\",\"url\":\"https:\\\/\\\/mvaal.com\\\/wp-content\\\/uploads\\\/2024\\\/08\\\/NEW-LOGO-Aug-2024-Cabinet-davocats-logo-large.png\",\"contentUrl\":\"https:\\\/\\\/mvaal.com\\\/wp-content\\\/uploads\\\/2024\\\/08\\\/NEW-LOGO-Aug-2024-Cabinet-davocats-logo-large.png\",\"width\":1200,\"height\":1006,\"caption\":\"MVAAL\"},\"image\":{\"@id\":\"https:\\\/\\\/mvaal.com\\\/#\\\/schema\\\/logo\\\/image\\\/\"},\"sameAs\":[\"https:\\\/\\\/www.linkedin.com\\\/company\\\/marine-veissiere-attorney-at-law\\\/\"]}]}<\/script>\n<!-- \/ Yoast SEO plugin. -->","yoast_head_json":{"title":"Data Privacy - MVAAL - a boutique law firm","robots":{"index":"index","follow":"follow","max-snippet":"max-snippet:-1","max-image-preview":"max-image-preview:large","max-video-preview":"max-video-preview:-1"},"canonical":"https:\/\/mvaal.com\/fr\/data-privacy\/","og_locale":"fr_FR","og_type":"article","og_title":"Data Privacy - MVAAL - a boutique law firm","og_description":"Privacy Policy Data Privacy MVAAL uses your personal data to provide legal advice and related services (including MVAAL news communications, where you have requested them) and manage its business.\u00a0 MVAAL may add your personal data to its contact database managed and used by MVAAL only.\u00a0 MVAAL is submitted to the European General Data Protection Regulation [&hellip;]","og_url":"https:\/\/mvaal.com\/fr\/data-privacy\/","og_site_name":"MVAAL - a boutique law firm","article_modified_time":"2023-04-28T20:32:30+00:00","twitter_card":"summary_large_image","twitter_misc":{"Dur\u00e9e de lecture estim\u00e9e":"1 minute"},"schema":{"@context":"https:\/\/schema.org","@graph":[{"@type":"WebPage","@id":"https:\/\/mvaal.com\/data-privacy\/","url":"https:\/\/mvaal.com\/data-privacy\/","name":"Data Privacy - MVAAL - a boutique law firm","isPartOf":{"@id":"https:\/\/mvaal.com\/#website"},"datePublished":"2022-04-29T14:40:08+00:00","dateModified":"2023-04-28T20:32:30+00:00","breadcrumb":{"@id":"https:\/\/mvaal.com\/data-privacy\/#breadcrumb"},"inLanguage":"fr-FR","potentialAction":[{"@type":"ReadAction","target":["https:\/\/mvaal.com\/data-privacy\/"]}]},{"@type":"BreadcrumbList","@id":"https:\/\/mvaal.com\/data-privacy\/#breadcrumb","itemListElement":[{"@type":"ListItem","position":1,"name":"Home","item":"https:\/\/mvaal.com\/"},{"@type":"ListItem","position":2,"name":"Data Privacy"}]},{"@type":"WebSite","@id":"https:\/\/mvaal.com\/#website","url":"https:\/\/mvaal.com\/","name":"MVAAL - a boutique law firm","description":"A boutique law firm dedicated to public international law","publisher":{"@id":"https:\/\/mvaal.com\/#organization"},"alternateName":"MVAAL - Marine Veissiere Attorney at Law","potentialAction":[{"@type":"SearchAction","target":{"@type":"EntryPoint","urlTemplate":"https:\/\/mvaal.com\/?s={search_term_string}"},"query-input":{"@type":"PropertyValueSpecification","valueRequired":true,"valueName":"search_term_string"}}],"inLanguage":"fr-FR"},{"@type":"Organization","@id":"https:\/\/mvaal.com\/#organization","name":"MVAAL","alternateName":"MVAAL - Marine Veissiere Attorney at Law","url":"https:\/\/mvaal.com\/","logo":{"@type":"ImageObject","inLanguage":"fr-FR","@id":"https:\/\/mvaal.com\/#\/schema\/logo\/image\/","url":"https:\/\/mvaal.com\/wp-content\/uploads\/2024\/08\/NEW-LOGO-Aug-2024-Cabinet-davocats-logo-large.png","contentUrl":"https:\/\/mvaal.com\/wp-content\/uploads\/2024\/08\/NEW-LOGO-Aug-2024-Cabinet-davocats-logo-large.png","width":1200,"height":1006,"caption":"MVAAL"},"image":{"@id":"https:\/\/mvaal.com\/#\/schema\/logo\/image\/"},"sameAs":["https:\/\/www.linkedin.com\/company\/marine-veissiere-attorney-at-law\/"]}]}},"_links":{"self":[{"href":"https:\/\/mvaal.com\/fr\/wp-json\/wp\/v2\/pages\/3","targetHints":{"allow":["GET"]}}],"collection":[{"href":"https:\/\/mvaal.com\/fr\/wp-json\/wp\/v2\/pages"}],"about":[{"href":"https:\/\/mvaal.com\/fr\/wp-json\/wp\/v2\/types\/page"}],"author":[{"embeddable":true,"href":"https:\/\/mvaal.com\/fr\/wp-json\/wp\/v2\/users\/2"}],"replies":[{"embeddable":true,"href":"https:\/\/mvaal.com\/fr\/wp-json\/wp\/v2\/comments?post=3"}],"version-history":[{"count":5,"href":"https:\/\/mvaal.com\/fr\/wp-json\/wp\/v2\/pages\/3\/revisions"}],"predecessor-version":[{"id":431,"href":"https:\/\/mvaal.com\/fr\/wp-json\/wp\/v2\/pages\/3\/revisions\/431"}],"wp:attachment":[{"href":"https:\/\/mvaal.com\/fr\/wp-json\/wp\/v2\/media?parent=3"}],"curies":[{"name":"wp","href":"https:\/\/api.w.org\/{rel}","templated":true}]}}