{"id":207,"date":"2023-02-17T13:58:00","date_gmt":"2023-02-17T12:58:00","guid":{"rendered":"https:\/\/mvaal.com\/?page_id=207"},"modified":"2024-12-12T10:06:53","modified_gmt":"2024-12-12T09:06:53","slug":"terms-and-conditions","status":"publish","type":"page","link":"https:\/\/mvaal.com\/fr\/terms-and-conditions\/","title":{"rendered":"Conditions G\u00e9n\u00e9rales"},"content":{"rendered":"<div data-elementor-type=\"wp-page\" data-elementor-id=\"207\" class=\"elementor elementor-207\" data-elementor-post-type=\"page\">\n\t\t\t\t\t\t<section class=\"elementor-section elementor-top-section elementor-element elementor-element-7f4d1f3 elementor-section-height-min-height elementor-section-items-stretch elementor-section-content-middle elementor-section-boxed elementor-section-height-default\" data-id=\"7f4d1f3\" data-element_type=\"section\" data-e-type=\"section\" data-settings=\"{&quot;background_background&quot;:&quot;classic&quot;}\">\n\t\t\t\t\t\t<div class=\"elementor-container elementor-column-gap-no\">\n\t\t\t\t\t<div class=\"elementor-column elementor-col-100 elementor-top-column elementor-element elementor-element-689e5fd\" data-id=\"689e5fd\" data-element_type=\"column\" data-e-type=\"column\">\n\t\t\t<div class=\"elementor-widget-wrap elementor-element-populated\">\n\t\t\t\t\t\t<div class=\"elementor-element elementor-element-64de4ce elementor-invisible elementor-widget elementor-widget-heading\" data-id=\"64de4ce\" data-element_type=\"widget\" data-e-type=\"widget\" data-settings=\"{&quot;_animation&quot;:&quot;fadeIn&quot;}\" data-widget_type=\"heading.default\">\n\t\t\t\t<div class=\"elementor-widget-container\">\n\t\t\t\t\t<h1 class=\"elementor-heading-title elementor-size-default\">Conditions G\u00e9n\u00e9rales<\/h1>\t\t\t\t<\/div>\n\t\t\t\t<\/div>\n\t\t\t\t\t<\/div>\n\t\t<\/div>\n\t\t\t\t\t<\/div>\n\t\t<\/section>\n\t\t\t\t<section class=\"elementor-section elementor-top-section elementor-element elementor-element-7f88d22 elementor-section-boxed elementor-section-height-default elementor-section-height-default\" data-id=\"7f88d22\" data-element_type=\"section\" data-e-type=\"section\">\n\t\t\t\t\t\t<div class=\"elementor-container elementor-column-gap-default\">\n\t\t\t\t\t<div class=\"elementor-column elementor-col-100 elementor-top-column elementor-element elementor-element-67a69cb\" data-id=\"67a69cb\" data-element_type=\"column\" data-e-type=\"column\">\n\t\t\t<div class=\"elementor-widget-wrap elementor-element-populated\">\n\t\t\t\t\t\t<div class=\"elementor-element elementor-element-ed0a75e elementor-widget elementor-widget-text-editor\" data-id=\"ed0a75e\" data-element_type=\"widget\" data-e-type=\"widget\" id=\"English\" data-no-translation=\"\" data-widget_type=\"text-editor.default\">\n\t\t\t\t<div class=\"elementor-widget-container\">\n\t\t\t\t\t<style>.elementor-element-ed0a75e{display:none !important}<\/style>\t\t\t\t<\/div>\n\t\t\t\t<\/div>\n\t\t\t\t<div class=\"elementor-element elementor-element-b267c8c elementor-widget elementor-widget-text-editor\" data-id=\"b267c8c\" data-element_type=\"widget\" data-e-type=\"widget\" data-no-translation=\"\" data-widget_type=\"text-editor.default\">\n\t\t\t\t<div class=\"elementor-widget-container\">\n\t\t\t\t\t\t\t\t\t<h2>Conditions G\u00e9n\u00e9rales<\/h2>\n<ol>\n<li>Marine Veissiere Attorney at Law (MVAAL B.V) est un cabinet d\u2019avocat organis\u00e9 en tant que soci\u00e9t\u00e9 \u00e0 responsabilit\u00e9 limit\u00e9e enregistr\u00e9e \u00e0 la Chambre de commerce de La Haye sous le num\u00e9ro de 95573267.<\/li>\n<li>\nLe cabinet est \u00e9tabli \u00e0 l\u2019adresse Hartogstraat 13 A, 2514 EP La Haye, Pays-Bas.<\/li>\n<li>\nMarine Veissiere a enregistr\u00e9 les principaux domaines de pratique juridique suivants dans le registre des domaines de pratique juridique du barreau n\u00e9erlandais (rechtsgebiedenregister) : droit international du travail. Le cabinet ne repr\u00e9sente pas ses clients devant les juridictions nationales.<\/li>\n<li>\nToutes les instructions sont accept\u00e9es et ex\u00e9cut\u00e9es conform\u00e9ment \u00e0 une convention d\u2019honoraires, un mandat ou une lettre de mission.<\/li>\n<li>\nDans le cas o\u00f9 un client a convenu d\u2019un mandat, convention d\u2019honoraires ou lettre de mission en dehors de l\u2019\u00e9tablissement de MVAAL B.V ou est conclu \u00e0 distance, par exemple par des moyens \u00e9lectroniques, le client a un droit de r\u00e9tractation pour une p\u00e9riode de 14 (quatorze) jours \u00e0 compter du jour de la conclusion du pr\u00e9sent accord (\u00ab d\u00e9lai de r\u00e9tractation \u00bb).<\/li>\n<li>\nLes dispositions des articles 7:404 et 7:407 paragraphe 2 du Code civil n\u00e9erlandais, qui imposent la responsabilit\u00e9 conjointe lorsque l\u2019instruction est donn\u00e9e \u00e0 deux ou plusieurs personnes, ne sont pas applicables.<\/li>\n<li>\nMVAAL B.V et son(ses) avocat(s) ex\u00e9cuteront toute instruction avec le plus grand soin, au mieux de leurs connaissances, comp\u00e9tences et capacit\u00e9s.<\/li>\n<li>\nEn agissant sur instruction, MVAAL B.V et son(ses) avocat(s) sont autoris\u00e9s \u00e0 faire appel \u00e0 l\u2019assistance et \u00e0 retenir les services de tiers tels que d\u2019autres avocats, experts, huissiers, avocats \u00e9trangers et autres prestataires et conseillers n\u00e9erlandais ou \u00e9trangers.<\/li>\n<li>\nSi, dans le cadre de l\u2019ex\u00e9cution d\u2019une instruction, un \u00e9v\u00e9nement entra\u00eene la responsabilit\u00e9 de l\u2019avocat mandat\u00e9 par MVAAL B.V, cette responsabilit\u00e9 sera limit\u00e9e au montant couvert par son assurance responsabilit\u00e9 professionnelle, y compris la franchise qui peut \u00eatre port\u00e9e relativement \u00e0 l\u2019assurance. Si, dans un d\u00e9lai d\u2019un an \u00e0 compter de la connaissance de l\u2019\u00e9v\u00e9nement ayant conduit \u00e0 la responsabilit\u00e9, le client n\u2019a pas entam\u00e9 de r\u00e9clamation contre l\u2019avocat, il ne pourra plus \u00eatre tenu responsable.<\/li>\n<li>\nSi, dans le cadre de l\u2019ex\u00e9cution d\u2019une instruction, des tiers ont \u00e9t\u00e9 impliqu\u00e9s, MVAAL B.V et son(ses) avocat(s) ne seront pas tenus responsables des t\u00e2ches effectu\u00e9es ou non effectu\u00e9es par lesdits tiers.<\/li>\n<li>\nMarine Veissiere est assur\u00e9e pour la responsabilit\u00e9 professionnelle conform\u00e9ment aux exigences pertinentes des barreaux n\u00e9erlandais et fran\u00e7ais. La couverture d\u2019assurance par \u00e9v\u00e9nement est limit\u00e9e \u00e0 un montant de 4000000 \u20ac et la police d\u2019assurance est enregistr\u00e9e sous le num\u00e9ro 118.263.720 aupr\u00e8s de l\u2019assureur M.M.A contract\u00e9 par le Barreau de Marseille. Le cabinet a limit\u00e9 sa responsabilit\u00e9 au montant pay\u00e9 en vertu de ladite assurance.<\/li>\n<li>\nLes communications entre les avocats et le client sont privil\u00e9gi\u00e9es et confidentielles. N\u00e9anmoins, MVAAL B.V ne peut garantir les moyens de communication entre MVAAL B.V et le client ou des tiers. Par cons\u00e9quent, les moyens de communication entre MVAAL B.V ou l\u2019un de ses avocats et le client ou des tiers, y compris la correspondance \u00e9lectronique (e-mails), seront pour le risque et le compte du client.<\/li>\n<li>En ce qui concerne toute instruction donn\u00e9e par le client \u00e0 MVAAL B.V ou \u00e0 l\u2019un de ses avocats, les conditions g\u00e9n\u00e9rales du client, le cas \u00e9ch\u00e9ant, ne sont pas applicables.<\/li>\n<li>Les avocats de MVAAL B.V sont li\u00e9s par les r\u00e8gles et le code de conduite de leurs ordres professionnels respectifs et leurs r\u00e8gles s\u2019appliquent en cons\u00e9quence.<\/li>\n<li>MVAAL B.V ne peut pas recevoir de fonds de tiers.<\/li>\n<li>Sauf accord contraire, le d\u00e9lai de paiement des factures est de 14 jours. Les d\u00e9biteurs de factures doivent payer le montant factur\u00e9 en totalit\u00e9. Le paiement se fait par virement bancaire sur le compte bancaire d\u00e9sign\u00e9 uniquement. Tous les frais bancaires sont \u00e0 la charge du d\u00e9biteur.<\/li>\n<li>Le MVAAL B.V est autoris\u00e9 \u00e0 indexer ses frais chaque ann\u00e9e conform\u00e9ment \u00e0 l\u2019indice des prix \u00e0 la consommation du CBS (Central Bureau of Statistics). Cet indice r\u00e9v\u00e8le le pourcentage d\u2019augmentation des prix. Lorsque nous indexons nos taux, cela a lieu le 1 f\u00e9vrier. L\u2019indexation ne s\u2019appliquera \u00e0 vous que si vous \u00eates client depuis plus de 3 mois. Si l\u2019indice CBS des prix \u00e0 la consommation est n\u00e9gatif, les prix ne seront pas ajust\u00e9s.<\/li>\n<li>MVAAL B.V facture des frais administratifs de retard ainsi que des int\u00e9r\u00eats l\u00e9gaux. Des frais de retard sont ajout\u00e9s \u00e0 la facture 14 jours apr\u00e8s la date d\u2019expiration du d\u00e9lai de paiement. Des int\u00e9r\u00eats l\u00e9gaux sont factur\u00e9s \u00e0 compter de la date d\u2019expiration du d\u00e9lai de paiement.<\/li>\n<li>Les frais de retard sont de 15% (plus TVA) du montant total de la facture (y compris TVA) ou un minimum de 40 \u20ac (plus TVA). Les frais de retard (plus TVA) sont ajout\u00e9s au montant total de la facture (y compris TVA). Les frais de retard couvrent les frais administratifs raisonnablement engag\u00e9s. MVAAL B.V n\u2019est pas tenue de prouver qu\u2019elle a engag\u00e9 ces co\u00fbts.<\/li>\n<li>L\u2019int\u00e9r\u00eat l\u00e9gal est de 12% pour les transactions commerciales (les taux d\u2019int\u00e9r\u00eat l\u00e9gaux publi\u00e9s par la DeNederlandscheBank (DNB) de temps en temps) (1er janvier 2023).<\/li>\n<li>Si le recouvrement extrajudiciaire des frais est requis (par exemple par l\u2019interm\u00e9diaire d\u2019une agence de recouvrement), MVAAL B.V demandera le remboursement de ces frais (art 6:96(2)(c) Code civil n\u00e9erlandais) conform\u00e9ment \u00e0 l\u2019\u00e9chelle gradu\u00e9e de la Collection Costs Standards Act et du d\u00e9cret d\u2019accompagnement (1er juillet 2012).  Le remboursement minimum est de 40 \u20ac ;  le remboursement maximal est de 6,775 \u20ac.  MVAAL B.V n\u2019est pas tenue de prouver qu\u2019elle a engag\u00e9 ces co\u00fbts.<\/li>\n<li>MVAAL B.V envoie ses factures num\u00e9riquement. Le client est r\u00e9put\u00e9 avoir accept\u00e9 de recevoir les factures par voie num\u00e9rique uniquement. Les parties conviennent que les donn\u00e9es des comptes num\u00e9riques et du syst\u00e8me de facturation de MVAAL B.V constituent une preuve concluante que la facture en question a \u00e9t\u00e9 envoy\u00e9e.<\/li>\n<li>En l\u2019absence de notification \u00e9crite des objections \u00e0 une facture dans les 30 jours suivant sa r\u00e9ception, le client est r\u00e9put\u00e9 avoir accept\u00e9 la facture, ainsi que les activit\u00e9s et les registres sous-jacents.<\/li>\n<li>Si une action en justice contre le d\u00e9biteur de la facture est n\u00e9cessaire pour obtenir le paiement int\u00e9gral des factures, MVAAL B.V demandera le remboursement de tous les frais qui d\u00e9coulent de ou en relation avec l\u2019action en justice, y compris les frais encourus par le d\u00e9biteur de la facture \u00e0 la suite de l\u2019engagement de tiers tels que des avocats. Les montants minimum et maximum pour le remboursement des frais de recouvrement extrajudiciaires ne s\u2019appliquent pas.<\/li>\n<li>MVAAL B.V peut, dans certaines circonstances, \u00eatre tenue d\u2019\u00e9tablir l\u2019identit\u00e9 du client et de ses repr\u00e9sentants et de signaler toute transaction inhabituelle (ongebruikelijke transacties) aux autorit\u00e9s, par exemple en vertu de la loi sur le blanchiment d\u2019argent et le financement du terrorisme (Wet ter voorkoming van witwassen en financieren van terrorisme, Wwft). Le client est conscient de cette obligation l\u00e9gale.<\/li>\n<li>MVAAL B.V peut modifier les pr\u00e9sentes conditions g\u00e9n\u00e9rales sans pr\u00e9avis aux clients. Une version mise \u00e0 jour sera automatiquement disponible en ligne sur son site internet www.mvaal.com.<\/li>\n<li>MVAAL est soumis au R\u00e8glement G\u00e9n\u00e9ral Europ\u00e9en sur la Protection des Donn\u00e9es 2016\/679 dans la limite de sa coh\u00e9rence avec les privil\u00e8ges de la profession juridique.<\/li><\/ol>\t\t\t\t\t\t\t\t<\/div>\n\t\t\t\t<\/div>\n\t\t\t\t\t<\/div>\n\t\t<\/div>\n\t\t\t\t\t<\/div>\n\t\t<\/section>\n\t\t\t\t<\/div>","protected":false},"excerpt":{"rendered":"<p>Terms &amp; Conditions General Terms &amp; Conditions Marine Veissiere Attorney at Law (MVAAL B.V.) is a law firm organised as a limited liability company (B.V.) registered at The Hague Chamber of Commerce under the KvK number 95573267. MVAAL B.V. is based at Hartogstraat 13 A, 2514 EP The Hague, Netherlands. Marine Veissiere has registered the [&hellip;]<\/p>\n","protected":false},"author":2,"featured_media":0,"parent":0,"menu_order":0,"comment_status":"closed","ping_status":"closed","template":"elementor_header_footer","meta":{"footnotes":""},"class_list":["post-207","page","type-page","status-publish","hentry"],"yoast_head":"<!-- This site is optimized with the Yoast SEO plugin v27.3 - https:\/\/yoast.com\/product\/yoast-seo-wordpress\/ -->\n<title>Terms and Conditions - MVAAL - a boutique law firm<\/title>\n<meta name=\"robots\" content=\"index, follow, max-snippet:-1, max-image-preview:large, max-video-preview:-1\" \/>\n<link rel=\"canonical\" href=\"https:\/\/mvaal.com\/fr\/terms-and-conditions\/\" \/>\n<meta property=\"og:locale\" content=\"fr_FR\" \/>\n<meta property=\"og:type\" content=\"article\" \/>\n<meta property=\"og:title\" content=\"Terms and Conditions - MVAAL - a boutique law firm\" \/>\n<meta property=\"og:description\" content=\"Terms &amp; Conditions General Terms &amp; Conditions Marine Veissiere Attorney at Law (MVAAL B.V.) is a law firm organised as a limited liability company (B.V.) registered at The Hague Chamber of Commerce under the KvK number 95573267. MVAAL B.V. is based at Hartogstraat 13 A, 2514 EP The Hague, Netherlands. Marine Veissiere has registered the [&hellip;]\" \/>\n<meta property=\"og:url\" content=\"https:\/\/mvaal.com\/fr\/terms-and-conditions\/\" \/>\n<meta property=\"og:site_name\" content=\"MVAAL - a boutique law firm\" \/>\n<meta property=\"article:modified_time\" content=\"2024-12-12T09:06:53+00:00\" \/>\n<meta name=\"twitter:card\" content=\"summary_large_image\" \/>\n<meta name=\"twitter:label1\" content=\"Dur\u00e9e de lecture estim\u00e9e\" \/>\n\t<meta name=\"twitter:data1\" content=\"11 minutes\" \/>\n<script type=\"application\/ld+json\" class=\"yoast-schema-graph\">{\"@context\":\"https:\\\/\\\/schema.org\",\"@graph\":[{\"@type\":\"WebPage\",\"@id\":\"https:\\\/\\\/mvaal.com\\\/terms-and-conditions\\\/\",\"url\":\"https:\\\/\\\/mvaal.com\\\/terms-and-conditions\\\/\",\"name\":\"Terms and Conditions - MVAAL - a boutique law firm\",\"isPartOf\":{\"@id\":\"https:\\\/\\\/mvaal.com\\\/#website\"},\"datePublished\":\"2023-02-17T12:58:00+00:00\",\"dateModified\":\"2024-12-12T09:06:53+00:00\",\"breadcrumb\":{\"@id\":\"https:\\\/\\\/mvaal.com\\\/terms-and-conditions\\\/#breadcrumb\"},\"inLanguage\":\"fr-FR\",\"potentialAction\":[{\"@type\":\"ReadAction\",\"target\":[\"https:\\\/\\\/mvaal.com\\\/terms-and-conditions\\\/\"]}]},{\"@type\":\"BreadcrumbList\",\"@id\":\"https:\\\/\\\/mvaal.com\\\/terms-and-conditions\\\/#breadcrumb\",\"itemListElement\":[{\"@type\":\"ListItem\",\"position\":1,\"name\":\"Home\",\"item\":\"https:\\\/\\\/mvaal.com\\\/\"},{\"@type\":\"ListItem\",\"position\":2,\"name\":\"Terms and Conditions\"}]},{\"@type\":\"WebSite\",\"@id\":\"https:\\\/\\\/mvaal.com\\\/#website\",\"url\":\"https:\\\/\\\/mvaal.com\\\/\",\"name\":\"MVAAL - a boutique law firm\",\"description\":\"A boutique law firm dedicated to public international law\",\"publisher\":{\"@id\":\"https:\\\/\\\/mvaal.com\\\/#organization\"},\"alternateName\":\"MVAAL - Marine Veissiere Attorney at Law\",\"potentialAction\":[{\"@type\":\"SearchAction\",\"target\":{\"@type\":\"EntryPoint\",\"urlTemplate\":\"https:\\\/\\\/mvaal.com\\\/?s={search_term_string}\"},\"query-input\":{\"@type\":\"PropertyValueSpecification\",\"valueRequired\":true,\"valueName\":\"search_term_string\"}}],\"inLanguage\":\"fr-FR\"},{\"@type\":\"Organization\",\"@id\":\"https:\\\/\\\/mvaal.com\\\/#organization\",\"name\":\"MVAAL\",\"alternateName\":\"MVAAL - Marine Veissiere Attorney at Law\",\"url\":\"https:\\\/\\\/mvaal.com\\\/\",\"logo\":{\"@type\":\"ImageObject\",\"inLanguage\":\"fr-FR\",\"@id\":\"https:\\\/\\\/mvaal.com\\\/#\\\/schema\\\/logo\\\/image\\\/\",\"url\":\"https:\\\/\\\/mvaal.com\\\/wp-content\\\/uploads\\\/2024\\\/08\\\/NEW-LOGO-Aug-2024-Cabinet-davocats-logo-large.png\",\"contentUrl\":\"https:\\\/\\\/mvaal.com\\\/wp-content\\\/uploads\\\/2024\\\/08\\\/NEW-LOGO-Aug-2024-Cabinet-davocats-logo-large.png\",\"width\":1200,\"height\":1006,\"caption\":\"MVAAL\"},\"image\":{\"@id\":\"https:\\\/\\\/mvaal.com\\\/#\\\/schema\\\/logo\\\/image\\\/\"},\"sameAs\":[\"https:\\\/\\\/www.linkedin.com\\\/company\\\/marine-veissiere-attorney-at-law\\\/\"]}]}<\/script>\n<!-- \/ Yoast SEO plugin. -->","yoast_head_json":{"title":"Terms and Conditions - MVAAL - a boutique law firm","robots":{"index":"index","follow":"follow","max-snippet":"max-snippet:-1","max-image-preview":"max-image-preview:large","max-video-preview":"max-video-preview:-1"},"canonical":"https:\/\/mvaal.com\/fr\/terms-and-conditions\/","og_locale":"fr_FR","og_type":"article","og_title":"Terms and Conditions - MVAAL - a boutique law firm","og_description":"Terms &amp; Conditions General Terms &amp; Conditions Marine Veissiere Attorney at Law (MVAAL B.V.) is a law firm organised as a limited liability company (B.V.) registered at The Hague Chamber of Commerce under the KvK number 95573267. MVAAL B.V. is based at Hartogstraat 13 A, 2514 EP The Hague, Netherlands. Marine Veissiere has registered the [&hellip;]","og_url":"https:\/\/mvaal.com\/fr\/terms-and-conditions\/","og_site_name":"MVAAL - a boutique law firm","article_modified_time":"2024-12-12T09:06:53+00:00","twitter_card":"summary_large_image","twitter_misc":{"Dur\u00e9e de lecture estim\u00e9e":"11 minutes"},"schema":{"@context":"https:\/\/schema.org","@graph":[{"@type":"WebPage","@id":"https:\/\/mvaal.com\/terms-and-conditions\/","url":"https:\/\/mvaal.com\/terms-and-conditions\/","name":"Terms and Conditions - MVAAL - a boutique law firm","isPartOf":{"@id":"https:\/\/mvaal.com\/#website"},"datePublished":"2023-02-17T12:58:00+00:00","dateModified":"2024-12-12T09:06:53+00:00","breadcrumb":{"@id":"https:\/\/mvaal.com\/terms-and-conditions\/#breadcrumb"},"inLanguage":"fr-FR","potentialAction":[{"@type":"ReadAction","target":["https:\/\/mvaal.com\/terms-and-conditions\/"]}]},{"@type":"BreadcrumbList","@id":"https:\/\/mvaal.com\/terms-and-conditions\/#breadcrumb","itemListElement":[{"@type":"ListItem","position":1,"name":"Home","item":"https:\/\/mvaal.com\/"},{"@type":"ListItem","position":2,"name":"Terms and Conditions"}]},{"@type":"WebSite","@id":"https:\/\/mvaal.com\/#website","url":"https:\/\/mvaal.com\/","name":"MVAAL - a boutique law firm","description":"A boutique law firm dedicated to public international law","publisher":{"@id":"https:\/\/mvaal.com\/#organization"},"alternateName":"MVAAL - Marine Veissiere Attorney at Law","potentialAction":[{"@type":"SearchAction","target":{"@type":"EntryPoint","urlTemplate":"https:\/\/mvaal.com\/?s={search_term_string}"},"query-input":{"@type":"PropertyValueSpecification","valueRequired":true,"valueName":"search_term_string"}}],"inLanguage":"fr-FR"},{"@type":"Organization","@id":"https:\/\/mvaal.com\/#organization","name":"MVAAL","alternateName":"MVAAL - Marine Veissiere Attorney at Law","url":"https:\/\/mvaal.com\/","logo":{"@type":"ImageObject","inLanguage":"fr-FR","@id":"https:\/\/mvaal.com\/#\/schema\/logo\/image\/","url":"https:\/\/mvaal.com\/wp-content\/uploads\/2024\/08\/NEW-LOGO-Aug-2024-Cabinet-davocats-logo-large.png","contentUrl":"https:\/\/mvaal.com\/wp-content\/uploads\/2024\/08\/NEW-LOGO-Aug-2024-Cabinet-davocats-logo-large.png","width":1200,"height":1006,"caption":"MVAAL"},"image":{"@id":"https:\/\/mvaal.com\/#\/schema\/logo\/image\/"},"sameAs":["https:\/\/www.linkedin.com\/company\/marine-veissiere-attorney-at-law\/"]}]}},"_links":{"self":[{"href":"https:\/\/mvaal.com\/fr\/wp-json\/wp\/v2\/pages\/207","targetHints":{"allow":["GET"]}}],"collection":[{"href":"https:\/\/mvaal.com\/fr\/wp-json\/wp\/v2\/pages"}],"about":[{"href":"https:\/\/mvaal.com\/fr\/wp-json\/wp\/v2\/types\/page"}],"author":[{"embeddable":true,"href":"https:\/\/mvaal.com\/fr\/wp-json\/wp\/v2\/users\/2"}],"replies":[{"embeddable":true,"href":"https:\/\/mvaal.com\/fr\/wp-json\/wp\/v2\/comments?post=207"}],"version-history":[{"count":5,"href":"https:\/\/mvaal.com\/fr\/wp-json\/wp\/v2\/pages\/207\/revisions"}],"predecessor-version":[{"id":974,"href":"https:\/\/mvaal.com\/fr\/wp-json\/wp\/v2\/pages\/207\/revisions\/974"}],"wp:attachment":[{"href":"https:\/\/mvaal.com\/fr\/wp-json\/wp\/v2\/media?parent=207"}],"curies":[{"name":"wp","href":"https:\/\/api.w.org\/{rel}","templated":true}]}}